{"id":194,"date":"2021-10-07T17:13:13","date_gmt":"2021-10-07T15:13:13","guid":{"rendered":"http:\/\/ybhcjcu.cluster029.hosting.ovh.net\/?page_id=194"},"modified":"2026-03-31T10:28:27","modified_gmt":"2026-03-31T08:28:27","slug":"informations-diverses","status":"publish","type":"page","link":"http:\/\/ybhcjcu.cluster029.hosting.ovh.net\/?page_id=194","title":{"rendered":"Informations diverses"},"content":{"rendered":"\n<p class=\"has-text-align-center\">Le bulletin d&rsquo;information de la Communaut\u00e9 de Communes est disponible <a href=\"https:\/\/www.calameo.com\/read\/0054192172c1c9dd8a3fb\">ici.<\/a><\/p>\n\n\n\n<p class=\"has-text-color has-medium-font-size\" style=\"color:#7a3d3af7\"><strong>Le calendrier des jours de chasse de l&rsquo;ACCA est disponible <a href=\"http:\/\/ybhcjcu.cluster029.hosting.ovh.net\/wp-content\/uploads\/2025\/10\/Calendrier-ACCA-2025.pdf\">ici<\/a>.<\/strong><\/p>\n\n\n\n<p class=\"has-text-color has-medium-font-size\" style=\"color:#7a3d3af7\"><strong>Le calendrier des jours de chasse des locataires du droit de chasse est disponible<a href=\"http:\/\/ybhcjcu.cluster029.hosting.ovh.net\/wp-content\/uploads\/2024\/09\/calend081040.pdf\"> <\/a><a href=\"http:\/\/ybhcjcu.cluster029.hosting.ovh.net\/wp-content\/uploads\/2025\/09\/Calendrier-TREMBLECOURT.pdf\">ici<\/a><a href=\"http:\/\/ybhcjcu.cluster029.hosting.ovh.net\/wp-content\/uploads\/2023\/09\/Calendrier-2023.2024.pdf\">.<\/a> <\/strong><\/p>\n\n\n\n<p class=\"has-text-color has-medium-font-size\" style=\"color:#7a3d3af7\"><strong>Le calendrier des jours de chasse de l&rsquo;ACCA de Rog\u00e9ville est disponible <a href=\"http:\/\/ybhcjcu.cluster029.hosting.ovh.net\/wp-content\/uploads\/2023\/09\/ACCA_CalendrierChasse-Rogeville-2023.pdf\">ici<\/a>.<\/strong><\/p>\n\n\n\n<div class=\"wp-block-columns is-layout-flex wp-container-core-columns-is-layout-9d6595d7 wp-block-columns-is-layout-flex\">\n<div class=\"wp-block-column is-layout-flow wp-block-column-is-layout-flow\" style=\"flex-basis:100%\">\n<div class=\"wp-block-group\"><div class=\"wp-block-group__inner-container is-layout-flow wp-block-group-is-layout-flow\">\n<div class=\"wp-block-columns is-layout-flex wp-container-core-columns-is-layout-9d6595d7 wp-block-columns-is-layout-flex\">\n<div class=\"wp-block-column is-layout-flow wp-block-column-is-layout-flow\" style=\"flex-basis:100%\">\n<div class=\"wp-block-columns are-vertically-aligned-center is-layout-flex wp-container-core-columns-is-layout-9d6595d7 wp-block-columns-is-layout-flex\">\n<div class=\"wp-block-column is-vertically-aligned-center is-layout-flow wp-block-column-is-layout-flow\" style=\"flex-basis:50%\"><div class=\"wp-block-image is-style-default\">\n<figure class=\"aligncenter size-full is-resized\"><img loading=\"lazy\" decoding=\"async\" width=\"402\" height=\"600\" src=\"http:\/\/ybhcjcu.cluster029.hosting.ovh.net\/wp-content\/uploads\/2021\/11\/Logo-DAE.gif\" alt=\"Un d\u00e9fibrillateur est disponible \u00e0 la m\u00e9diath\u00e8que de Tremblecourt : au 22 rue de l'Eglise\" class=\"wp-image-407\" style=\"width:117px;height:174px\"\/><\/figure>\n<\/div><\/div>\n\n\n\n<div class=\"wp-block-column is-vertically-aligned-center is-layout-flow wp-block-column-is-layout-flow\" style=\"flex-basis:50%\">\n<p class=\"has-medium-font-size\">En cas d&rsquo;urgence, un d\u00e9fibrillateur est disponible au 22 rue de l&rsquo;Eglise (M\u00e9diath\u00e8que)<\/p>\n<\/div>\n<\/div>\n<\/div>\n<\/div>\n<\/div><\/div>\n<\/div>\n<\/div>\n\n\n\n<h3 class=\"wp-block-heading has-text-color\" style=\"color:#27708f\">* <a href=\"http:\/\/ybhcjcu.cluster029.hosting.ovh.net\/wp-content\/uploads\/2026\/03\/TREMBLECOURT-05400177045.pdf\">Derni\u00e8re analyse de qualit\u00e9 de l&rsquo;eau<\/a><\/h3>\n\n\n\n<p class=\"has-luminous-vivid-orange-color has-text-color has-medium-font-size\">* Un peu d&rsquo;histoire ! Nous vous invitons \u00e0 prendre connaissance de la monographie r\u00e9alis\u00e9e par l&rsquo;instituteur de Tremblecourt en 1888 en cliquant <a href=\"http:\/\/ybhcjcu.cluster029.hosting.ovh.net\/wp-content\/uploads\/2021\/11\/B543956101M00820_527_0001-converti.pdf\"><strong>ici<\/strong><\/a>.<\/p>\n\n\n\n<p class=\"has-text-align-center\" style=\"font-style:normal;font-weight:600;text-decoration:underline\"><strong>URBANISME<\/strong><\/p>\n\n\n\n<p class=\"has-medium-font-size\"> * <strong>Conna\u00eetre la r\u00e9glementation d&rsquo;urbanisme applicable \u00e0 sa parcelle :<\/strong> <\/p>\n\n\n\n<ol style=\"color:#485054\" class=\"wp-block-list has-text-color has-medium-font-size\">\n<li>Consulter la carte d\u00e9limitant les diff\u00e9rentes zones de la commune <strong><a href=\"http:\/\/ybhcjcu.cluster029.hosting.ovh.net\/wp-content\/uploads\/2023\/06\/54-CC2T-TREMBLECOURT-2000.pdf\">ici<\/a>.<\/strong><\/li>\n\n\n\n<li>Le nouveau Plan Local d&rsquo;Urbanisme Intercommunal est d\u00e9sormais applicable aux demandes en cours. Vous pouvez consulter le consulter en cliquant<a href=\"https:\/\/www.geoportail-urbanisme.gouv.fr\/\"> ici<\/a>.<\/li>\n<\/ol>\n\n\n\n<p class=\"has-text-color has-medium-font-size\" style=\"color:#3b06ea\">* Des sacs de tri et du raticide sont disponibles en mairie.<\/p>\n\n\n\n<p class=\"has-text-color has-medium-font-size\" style=\"color:#062dea\">* Besoin d&rsquo;un conseil juridique ? Nous vous invitons \u00e0 composer le 30 39. Il s&rsquo;agit d&rsquo;un n\u00b0 unique gratuit vous permettant d&rsquo;obtenir des conseils et d&rsquo;acc\u00e9der au Point Justice de proximit\u00e9.<\/p>\n","protected":false},"excerpt":{"rendered":"<p>Le bulletin d&rsquo;information de la Communaut\u00e9 de Communes est disponible ici. Le calendrier des jours de chasse de l&rsquo;ACCA est disponible ici. Le calendrier des jours de chasse des locataires du droit de chasse est disponible ici. Le calendrier des jours de chasse de l&rsquo;ACCA de Rog\u00e9ville est disponible ici. En cas d&rsquo;urgence, un d\u00e9fibrillateur [&hellip;]<\/p>\n","protected":false},"author":1,"featured_media":0,"parent":0,"menu_order":0,"comment_status":"closed","ping_status":"closed","template":"","meta":{"footnotes":""},"class_list":["post-194","page","type-page","status-publish","hentry"],"_links":{"self":[{"href":"http:\/\/ybhcjcu.cluster029.hosting.ovh.net\/index.php?rest_route=\/wp\/v2\/pages\/194","targetHints":{"allow":["GET"]}}],"collection":[{"href":"http:\/\/ybhcjcu.cluster029.hosting.ovh.net\/index.php?rest_route=\/wp\/v2\/pages"}],"about":[{"href":"http:\/\/ybhcjcu.cluster029.hosting.ovh.net\/index.php?rest_route=\/wp\/v2\/types\/page"}],"author":[{"embeddable":true,"href":"http:\/\/ybhcjcu.cluster029.hosting.ovh.net\/index.php?rest_route=\/wp\/v2\/users\/1"}],"replies":[{"embeddable":true,"href":"http:\/\/ybhcjcu.cluster029.hosting.ovh.net\/index.php?rest_route=%2Fwp%2Fv2%2Fcomments&post=194"}],"version-history":[{"count":69,"href":"http:\/\/ybhcjcu.cluster029.hosting.ovh.net\/index.php?rest_route=\/wp\/v2\/pages\/194\/revisions"}],"predecessor-version":[{"id":1926,"href":"http:\/\/ybhcjcu.cluster029.hosting.ovh.net\/index.php?rest_route=\/wp\/v2\/pages\/194\/revisions\/1926"}],"wp:attachment":[{"href":"http:\/\/ybhcjcu.cluster029.hosting.ovh.net\/index.php?rest_route=%2Fwp%2Fv2%2Fmedia&parent=194"}],"curies":[{"name":"wp","href":"https:\/\/api.w.org\/{rel}","templated":true}]}}