{"id":199,"date":"2021-10-07T17:13:13","date_gmt":"2021-10-07T15:13:13","guid":{"rendered":"http:\/\/ybhcjcu.cluster029.hosting.ovh.net\/?page_id=199"},"modified":"2021-10-21T15:19:50","modified_gmt":"2021-10-21T13:19:50","slug":"cimetiere","status":"publish","type":"page","link":"http:\/\/ybhcjcu.cluster029.hosting.ovh.net\/?page_id=199","title":{"rendered":"Cimeti\u00e8re"},"content":{"rendered":"\n<p>Un second columbarium a r\u00e9cemment \u00e9t\u00e9 install\u00e9 au cimeti\u00e8re.<\/p>\n\n\n\n<p>Pour demander l&rsquo;octroi d&rsquo;une concession au cimeti\u00e8re ou au columbarium nous vous invitons \u00e0 venir au secr\u00e9tariat de mairie.<\/p>\n\n\n\n<p>La dur\u00e9e d&rsquo;une concession est de 15 ou 30 ans.<\/p>\n\n\n\n<p>Les tarifs sont les suivants : <\/p>\n\n\n\n<ul class=\"wp-block-list\"><li>Cimeti\u00e8re :<ul><li>pour une dur\u00e9e de 15 ans : 125 \u20ac<\/li><li>pour une dur\u00e9e de 30 ans : 250 \u20ac<\/li><\/ul><\/li><\/ul>\n\n\n\n<p><\/p>\n\n\n\n<ul class=\"wp-block-list\"><li>Columbarium :<ul><li>pour une dur\u00e9e de 15 ans : 500 \u20ac<\/li><\/ul><ul><li>pour une dur\u00e9e de 30 ans : 625 \u20ac<\/li><\/ul><\/li><\/ul>\n\n\n\n<p>Le r\u00e8glement du cimeti\u00e8re est disponible <a href=\"http:\/\/ybhcjcu.cluster029.hosting.ovh.net\/wp-content\/uploads\/2021\/10\/Reglement-cimetiere-2021.pdf\">ici<\/a>.<\/p>\n","protected":false},"excerpt":{"rendered":"<p>Un second columbarium a r\u00e9cemment \u00e9t\u00e9 install\u00e9 au cimeti\u00e8re. Pour demander l&rsquo;octroi d&rsquo;une concession au cimeti\u00e8re ou au columbarium nous vous invitons \u00e0 venir au secr\u00e9tariat de mairie. La dur\u00e9e d&rsquo;une concession est de 15 ou 30 ans. Les tarifs sont les suivants : Cimeti\u00e8re : pour une dur\u00e9e de 15 ans : 125 \u20ac [&hellip;]<\/p>\n","protected":false},"author":1,"featured_media":0,"parent":0,"menu_order":0,"comment_status":"closed","ping_status":"closed","template":"","meta":{"footnotes":""},"class_list":["post-199","page","type-page","status-publish","hentry"],"_links":{"self":[{"href":"http:\/\/ybhcjcu.cluster029.hosting.ovh.net\/index.php?rest_route=\/wp\/v2\/pages\/199","targetHints":{"allow":["GET"]}}],"collection":[{"href":"http:\/\/ybhcjcu.cluster029.hosting.ovh.net\/index.php?rest_route=\/wp\/v2\/pages"}],"about":[{"href":"http:\/\/ybhcjcu.cluster029.hosting.ovh.net\/index.php?rest_route=\/wp\/v2\/types\/page"}],"author":[{"embeddable":true,"href":"http:\/\/ybhcjcu.cluster029.hosting.ovh.net\/index.php?rest_route=\/wp\/v2\/users\/1"}],"replies":[{"embeddable":true,"href":"http:\/\/ybhcjcu.cluster029.hosting.ovh.net\/index.php?rest_route=%2Fwp%2Fv2%2Fcomments&post=199"}],"version-history":[{"count":5,"href":"http:\/\/ybhcjcu.cluster029.hosting.ovh.net\/index.php?rest_route=\/wp\/v2\/pages\/199\/revisions"}],"predecessor-version":[{"id":284,"href":"http:\/\/ybhcjcu.cluster029.hosting.ovh.net\/index.php?rest_route=\/wp\/v2\/pages\/199\/revisions\/284"}],"wp:attachment":[{"href":"http:\/\/ybhcjcu.cluster029.hosting.ovh.net\/index.php?rest_route=%2Fwp%2Fv2%2Fmedia&parent=199"}],"curies":[{"name":"wp","href":"https:\/\/api.w.org\/{rel}","templated":true}]}}