{"id":468,"date":"2021-12-07T09:54:07","date_gmt":"2021-12-07T08:54:07","guid":{"rendered":"http:\/\/ybhcjcu.cluster029.hosting.ovh.net\/?page_id=468"},"modified":"2022-03-15T10:00:15","modified_gmt":"2022-03-15T09:00:15","slug":"loisirs","status":"publish","type":"page","link":"http:\/\/ybhcjcu.cluster029.hosting.ovh.net\/?page_id=468","title":{"rendered":"Loisirs"},"content":{"rendered":"\n<h2 class=\"wp-block-heading\">Randonn\u00e9es<\/h2>\n\n\n\n<p>L&rsquo;<strong>association Rando Touloises<\/strong> propose des \u00e9v\u00e8nements et des randonn\u00e9es, nous vous invitons \u00e0 consulter leur site ici, vous pourrez y d\u00e9couvrir des cartes de parcours \u00e0 effectuer.<\/p>\n\n\n\n<div data-wp-interactive=\"core\/file\" class=\"wp-block-file\"><object data-wp-bind--hidden=\"!state.hasPdfPreview\" hidden class=\"wp-block-file__embed\" data=\"http:\/\/ybhcjcu.cluster029.hosting.ovh.net\/wp-content\/uploads\/2022\/03\/Affiche-scarponnaise-10.04.22-1.pdf\" type=\"application\/pdf\" style=\"width:100%;height:600px\" aria-label=\"Contenu embarqu\u00e9 Contenu embarqu\u00e9 Affiche scarponnaise 10.04.22..\"><\/object><a id=\"wp-block-file--media-d4efd1f5-81eb-438d-9145-69450b0153ae\" href=\"http:\/\/ybhcjcu.cluster029.hosting.ovh.net\/wp-content\/uploads\/2022\/03\/Affiche-scarponnaise-10.04.22-1.pdf\">Affiche scarponnaise 10.04.22<\/a><a href=\"http:\/\/ybhcjcu.cluster029.hosting.ovh.net\/wp-content\/uploads\/2022\/03\/Affiche-scarponnaise-10.04.22-1.pdf\" class=\"wp-block-file__button\" download aria-describedby=\"wp-block-file--media-d4efd1f5-81eb-438d-9145-69450b0153ae\">T\u00e9l\u00e9charger<\/a><\/div>\n\n\n\n<p><\/p>\n","protected":false},"excerpt":{"rendered":"<p>Randonn\u00e9es L&rsquo;association Rando Touloises propose des \u00e9v\u00e8nements et des randonn\u00e9es, nous vous invitons \u00e0 consulter leur site ici, vous pourrez y d\u00e9couvrir des cartes de parcours \u00e0 effectuer.<\/p>\n","protected":false},"author":1,"featured_media":0,"parent":0,"menu_order":0,"comment_status":"closed","ping_status":"closed","template":"","meta":{"footnotes":""},"class_list":["post-468","page","type-page","status-publish","hentry"],"_links":{"self":[{"href":"http:\/\/ybhcjcu.cluster029.hosting.ovh.net\/index.php?rest_route=\/wp\/v2\/pages\/468","targetHints":{"allow":["GET"]}}],"collection":[{"href":"http:\/\/ybhcjcu.cluster029.hosting.ovh.net\/index.php?rest_route=\/wp\/v2\/pages"}],"about":[{"href":"http:\/\/ybhcjcu.cluster029.hosting.ovh.net\/index.php?rest_route=\/wp\/v2\/types\/page"}],"author":[{"embeddable":true,"href":"http:\/\/ybhcjcu.cluster029.hosting.ovh.net\/index.php?rest_route=\/wp\/v2\/users\/1"}],"replies":[{"embeddable":true,"href":"http:\/\/ybhcjcu.cluster029.hosting.ovh.net\/index.php?rest_route=%2Fwp%2Fv2%2Fcomments&post=468"}],"version-history":[{"count":6,"href":"http:\/\/ybhcjcu.cluster029.hosting.ovh.net\/index.php?rest_route=\/wp\/v2\/pages\/468\/revisions"}],"predecessor-version":[{"id":655,"href":"http:\/\/ybhcjcu.cluster029.hosting.ovh.net\/index.php?rest_route=\/wp\/v2\/pages\/468\/revisions\/655"}],"wp:attachment":[{"href":"http:\/\/ybhcjcu.cluster029.hosting.ovh.net\/index.php?rest_route=%2Fwp%2Fv2%2Fmedia&parent=468"}],"curies":[{"name":"wp","href":"https:\/\/api.w.org\/{rel}","templated":true}]}}