{"id":69,"date":"2021-10-05T14:51:47","date_gmt":"2021-10-05T12:51:47","guid":{"rendered":"http:\/\/ybhcjcu.cluster029.hosting.ovh.net\/?page_id=69"},"modified":"2026-03-25T12:46:08","modified_gmt":"2026-03-25T11:46:08","slug":"les-arretes","status":"publish","type":"page","link":"http:\/\/ybhcjcu.cluster029.hosting.ovh.net\/?page_id=69","title":{"rendered":"Les arr\u00eat\u00e9s"},"content":{"rendered":"\n<h2 class=\"wp-block-heading\">2026<\/h2>\n\n\n\n<ul class=\"wp-block-list\">\n<li>04\/2026 : <a href=\"http:\/\/ybhcjcu.cluster029.hosting.ovh.net\/wp-content\/uploads\/2026\/03\/04.26-Prolongation-echafaudage-NICOLAS.pdf\">Prolongation \u00e9chafaudage 3 rue du Cerisier<\/a><\/li>\n<\/ul>\n\n\n\n<ul class=\"wp-block-list\">\n<li>02\/2026 : <a href=\"http:\/\/ybhcjcu.cluster029.hosting.ovh.net\/wp-content\/uploads\/2026\/03\/02.26-Autorisation-travaux-CD-hors-agglo.pdf\">Autorisation permanente de travaux au CD54 hors agglom\u00e9ration<\/a><\/li>\n<\/ul>\n\n\n\n<ul class=\"wp-block-list\">\n<li>01\/2026 : <a href=\"http:\/\/ybhcjcu.cluster029.hosting.ovh.net\/wp-content\/uploads\/2026\/03\/01.26-Echafaudage-3-rue-du-Ceriser.pdf\">Echafaudage 3 rue du Cerisier<\/a><\/li>\n<\/ul>\n\n\n\n<h2 class=\"wp-block-heading\">2025<\/h2>\n\n\n\n<ul class=\"wp-block-list\">\n<li>21\/2025 : <a href=\"http:\/\/ybhcjcu.cluster029.hosting.ovh.net\/wp-content\/uploads\/2025\/12\/21.25-Circulation-et-stationnement-rue-de-lEglise-OFTP-12.2025.pdf\">Permission d&rsquo;occupation du domaine public, circulation et stationnement du 15 au 19\/12\/2025<\/a><\/li>\n<\/ul>\n\n\n\n<ul class=\"wp-block-list\">\n<li>20\/2025 : <a href=\"http:\/\/ybhcjcu.cluster029.hosting.ovh.net\/wp-content\/uploads\/2025\/11\/20.25-Echafaudage-18-rue-de-la-Mairie.pdf\">Permission d&rsquo;occupation du domaine public et stationnement<\/a><\/li>\n<\/ul>\n\n\n\n<ul class=\"wp-block-list\">\n<li>19\/2025 : <a href=\"http:\/\/ybhcjcu.cluster029.hosting.ovh.net\/wp-content\/uploads\/2025\/11\/19.25-Interdiction-temporaire-de-stationnement.pdf\">Interdiction temporaire de stationnement 13 et 14 d\u00e9cembre 2025<\/a><\/li>\n<\/ul>\n\n\n\n<ul class=\"wp-block-list\">\n<li>18\/2025 :<a href=\"http:\/\/ybhcjcu.cluster029.hosting.ovh.net\/wp-content\/uploads\/2025\/11\/18.25-Echafaudage-stationnement-et-circulation.pdf\"> Permission d&rsquo;occupation du domaine public, stationnement et circulation<\/a><\/li>\n<\/ul>\n\n\n\n<ul class=\"wp-block-list\">\n<li>17\/2025 : <a href=\"http:\/\/ybhcjcu.cluster029.hosting.ovh.net\/wp-content\/uploads\/2025\/10\/17.25-Echaffaudage.pdf\">Permission d&rsquo;occupation du domaine public et autorisation de stationnement<\/a><\/li>\n<\/ul>\n\n\n\n<ul class=\"wp-block-list\">\n<li>16\/2025 : <a href=\"http:\/\/ybhcjcu.cluster029.hosting.ovh.net\/wp-content\/uploads\/2025\/10\/16.25-PV-bornage-C-619.pdf\">Arr\u00eat\u00e9 portant bornage rue Vigne Madame<\/a><\/li>\n<\/ul>\n\n\n\n<ul class=\"wp-block-list\">\n<li>15\/2025 : <a href=\"http:\/\/ybhcjcu.cluster029.hosting.ovh.net\/wp-content\/uploads\/2025\/10\/15.25-Marche-des-producteurs-24.10.25.pdf\">Limitation temporaire de stationnement et de circulation rue de la Mairie le 24\/10\/2025<\/a><\/li>\n<\/ul>\n\n\n\n<ul class=\"wp-block-list\">\n<li>13\/2025 : <a href=\"http:\/\/ybhcjcu.cluster029.hosting.ovh.net\/wp-content\/uploads\/2025\/09\/13.25-Circulation-et-stationnement-temporaire.pdf\">Limitation temporaire de stationnement et de circulation Croix de Mission<\/a><\/li>\n<\/ul>\n\n\n\n<ul class=\"wp-block-list\">\n<li>12\/2025 : <a href=\"http:\/\/ybhcjcu.cluster029.hosting.ovh.net\/wp-content\/uploads\/2025\/09\/12.25-Stationnement-temporaire-dune-nacelle.pdf\">Permission temporaire de stationnement circulation Croix de Mission<\/a><\/li>\n<\/ul>\n\n\n\n<ul class=\"wp-block-list\">\n<li>11\/2025 : <a href=\"http:\/\/ybhcjcu.cluster029.hosting.ovh.net\/wp-content\/uploads\/2025\/09\/11.25-Interdiction-de-stationnement-8-bis-rue-de-la-Mairie.pdf\">Interdiction de stationnement 8 bis rue de la Mairie<\/a><\/li>\n<\/ul>\n\n\n\n<ul class=\"wp-block-list\">\n<li>10\/2025 : <a href=\"http:\/\/ybhcjcu.cluster029.hosting.ovh.net\/wp-content\/uploads\/2025\/09\/10.25-Autorisation-stationnement-benne-18-rue-de-lEglise.pdf\">Permission temporaire de stationnement 18 rue de l&rsquo;Eglise<\/a><\/li>\n<\/ul>\n\n\n\n<ul class=\"wp-block-list\">\n<li>09\/2025 : <a href=\"http:\/\/ybhcjcu.cluster029.hosting.ovh.net\/wp-content\/uploads\/2025\/08\/09.25-Utilisation-du-domaine-public-marche.pdf\">Permission temporaire d&rsquo;occupation, circulation et stationnement 29\/08\/2025<\/a><\/li>\n<\/ul>\n\n\n\n<ul class=\"wp-block-list\">\n<li>08\/2025 : <a href=\"http:\/\/ybhcjcu.cluster029.hosting.ovh.net\/wp-content\/uploads\/2025\/08\/08.25-Interdiction-temporaire-de-stationnement-05.08.25.pdf\">Interdiction de stationnement temporaire<\/a><\/li>\n<\/ul>\n\n\n\n<ul class=\"wp-block-list\">\n<li>07\/2025 : <a href=\"http:\/\/ybhcjcu.cluster029.hosting.ovh.net\/wp-content\/uploads\/2025\/08\/07.25-Permission-doccupation-du-domaine-public-05.08.25.pdf\">Permission d&rsquo;occupation du domaine public<\/a><\/li>\n<\/ul>\n\n\n\n<ul class=\"wp-block-list\">\n<li>06\/2025 : <a href=\"http:\/\/ybhcjcu.cluster029.hosting.ovh.net\/wp-content\/uploads\/2025\/05\/06.25-Circulation-et-sationnement-marche-30.05.2025.pdf\">Circulation et stationnement march\u00e9 du 30\/05\/2025<\/a><\/li>\n<\/ul>\n\n\n\n<ul class=\"wp-block-list\">\n<li>05\/2025 : <a href=\"http:\/\/ybhcjcu.cluster029.hosting.ovh.net\/wp-content\/uploads\/2025\/04\/05.25-Autorisation-aire-de-jeux-Anim-Haye-22.06.2025.pdf\">F\u00eate aire de jeux 22\/06\/2025<\/a><\/li>\n<\/ul>\n\n\n\n<ul class=\"wp-block-list\">\n<li>04\/2025 : <a href=\"http:\/\/ybhcjcu.cluster029.hosting.ovh.net\/wp-content\/uploads\/2025\/04\/04.25-Arrete-usoirs-rue-de-lEglise-ALS.pdf\">Travaux rue de l&rsquo;Eglise<\/a><\/li>\n<\/ul>\n\n\n\n<ul class=\"wp-block-list\">\n<li>02\/2025 : <a href=\"http:\/\/ybhcjcu.cluster029.hosting.ovh.net\/wp-content\/uploads\/2025\/03\/02.25-Echafaudage-1-rue-Croix-de-mission.pdf\">Echafaudage au 1 rue de la Croix de mission<\/a><\/li>\n<\/ul>\n\n\n\n<ul class=\"wp-block-list\">\n<li>01\/2025 : <a href=\"http:\/\/ybhcjcu.cluster029.hosting.ovh.net\/wp-content\/uploads\/2025\/02\/01.25-Travaux-trottoir-ARTIS.pdf\">Cr\u00e9ation d&rsquo;enrob\u00e9 Chemin de Rosi\u00e8res<\/a><\/li>\n<\/ul>\n\n\n\n<h2 class=\"wp-block-heading\">2024<\/h2>\n\n\n\n<ul class=\"wp-block-list\">\n<li>28\/2024 : <a href=\"http:\/\/ybhcjcu.cluster029.hosting.ovh.net\/wp-content\/uploads\/2024\/12\/28.24-Interdiction-stationnement-marrons.pdf\">Interdiction temporaire de stationnement le 14\/12\/2024<\/a><\/li>\n<\/ul>\n\n\n\n<ul class=\"wp-block-list\">\n<li>26\/2024 : Application des lignes directrices de gestion<\/li>\n<\/ul>\n\n\n\n<ul class=\"wp-block-list\">\n<li>25\/2024 : <a href=\"http:\/\/ybhcjcu.cluster029.hosting.ovh.net\/wp-content\/uploads\/2024\/11\/25.24-Travaux-assainissement-ELEC-Dos-Santos-pour-Enedis-ter.doc.pdf\">Prolongation travaux RD 10 et RD 907<\/a><\/li>\n<\/ul>\n\n\n\n<ul class=\"wp-block-list\">\n<li>23\/2024 : <a href=\"http:\/\/ybhcjcu.cluster029.hosting.ovh.net\/wp-content\/uploads\/2024\/11\/23.24-Travaux-assainissement-ELEC-Dos-Santos-pour-Enedis-bis.doc.pdf\">Travaux carrefour et rue du Cerisier<\/a><\/li>\n<\/ul>\n\n\n\n<ul class=\"wp-block-list\">\n<li>21\/2024 : <a href=\"http:\/\/ybhcjcu.cluster029.hosting.ovh.net\/wp-content\/uploads\/2024\/10\/21.24-Interdiction-de-stationnement-et-de-circulation-bourse-de-plantes-03.11.24.pdf\">Interdiction temporaire de circulation et de stationnement le 03\/11\/2024 (mairie et \u00e9cole)<\/a><\/li>\n<\/ul>\n\n\n\n<ul class=\"wp-block-list\">\n<li>20\/2024 : <a href=\"http:\/\/ybhcjcu.cluster029.hosting.ovh.net\/wp-content\/uploads\/2024\/10\/20.24-Interdiction-de-stationnement-et-de-circulation-pour-marche-de-producteurs.pdf\">Interdiction temporaire de circulation et de stationnement le 11\/10\/2024 (mairie et \u00e9cole)<\/a><\/li>\n<\/ul>\n\n\n\n<ul class=\"wp-block-list\">\n<li>19\/2024 : <a href=\"http:\/\/ybhcjcu.cluster029.hosting.ovh.net\/wp-content\/uploads\/2024\/09\/19.24-Travaux-assainissement-STPL-Cerisier.pdf\">Travaux rue du Cerisier du 23\/09\/24 au 01\/10\/2024<\/a><\/li>\n<\/ul>\n\n\n\n<ul class=\"wp-block-list\">\n<li>18\/2024 : <a href=\"http:\/\/ybhcjcu.cluster029.hosting.ovh.net\/wp-content\/uploads\/2024\/09\/18.24-Travaux-assainissement-ELEC-Dos-Santos-pour-Enedis.pdf\">Travaux rue du Cerisier du 16\/09 au 04\/10\/2024<\/a><\/li>\n<\/ul>\n\n\n\n<ul class=\"wp-block-list\">\n<li>17\/2024 : <a href=\"http:\/\/ybhcjcu.cluster029.hosting.ovh.net\/wp-content\/uploads\/2024\/09\/17.24-Reglement-aire-de-jeux.pdf\">R\u00e8glement aire de jeux<\/a><\/li>\n<\/ul>\n\n\n\n<ul class=\"wp-block-list\">\n<li>16\/2024 : <a href=\"http:\/\/ybhcjcu.cluster029.hosting.ovh.net\/wp-content\/uploads\/2024\/09\/16.24-Travaux-fibre-voie-romainebis.pdf\">Travaux fibre voie romaine<\/a><\/li>\n<\/ul>\n\n\n\n<ul class=\"wp-block-list\">\n<li>15\/2024 : <a href=\"http:\/\/ybhcjcu.cluster029.hosting.ovh.net\/wp-content\/uploads\/2024\/08\/15.24-Autorisation-domaine-public-brocante.pdf\">Autorisation d&rsquo;occupation du domaine public pour vente au d\u00e9ballage<\/a><\/li>\n<\/ul>\n\n\n\n<ul class=\"wp-block-list\">\n<li>12\/2024 : <a href=\"http:\/\/ybhcjcu.cluster029.hosting.ovh.net\/wp-content\/uploads\/2024\/05\/12.24-Priorite-de-passage-cyclistes-2024.pdf\">Priorit\u00e9 de passage course cycliste le 30 juin 2024<\/a><\/li>\n<\/ul>\n\n\n\n<ul class=\"wp-block-list\">\n<li>11\/2024 : <a href=\"http:\/\/ybhcjcu.cluster029.hosting.ovh.net\/wp-content\/uploads\/2024\/05\/11.24-Limites-agglo.pdf\">Limite d&rsquo;agglom\u00e9ration<\/a><\/li>\n<\/ul>\n\n\n\n<ul class=\"wp-block-list\">\n<li>10\/2024 : <a href=\"http:\/\/ybhcjcu.cluster029.hosting.ovh.net\/wp-content\/uploads\/2024\/05\/10.24-Travaux-fibre-voie-romaine.pdf\">Travaux fibre Voie romaine<\/a><\/li>\n<\/ul>\n\n\n\n<ul class=\"wp-block-list\">\n<li>08\/2024 : <a href=\"http:\/\/ybhcjcu.cluster029.hosting.ovh.net\/wp-content\/uploads\/2024\/05\/08.24-Interdiction-de-circulation-et-de-stationnement-DAIX-04.04.24.pdf\">Interdiction de circulation chemin de Rosi\u00e8res<\/a><\/li>\n<\/ul>\n\n\n\n<ul class=\"wp-block-list\">\n<li>07\/2024 :<a href=\"http:\/\/ybhcjcu.cluster029.hosting.ovh.net\/wp-content\/uploads\/2024\/03\/07.24-Permission-de-voirie-et-circulation-Grilles-avaloirs-ALS.pdf\"> Circulation et permission de voirie grilles avaloir 18 et 19\/03\/2024<\/a><\/li>\n<\/ul>\n\n\n\n<ul class=\"wp-block-list\">\n<li>06\/2024 : <a href=\"http:\/\/ybhcjcu.cluster029.hosting.ovh.net\/wp-content\/uploads\/2024\/03\/06.24-Occupation-aire-de-jeux-01.05.pdf\">Occupation Aire de jeux le 01\/05\/2024 pour f\u00eate musicale<\/a><\/li>\n<\/ul>\n\n\n\n<ul class=\"wp-block-list\">\n<li>05\/2024 : <a href=\"http:\/\/ybhcjcu.cluster029.hosting.ovh.net\/wp-content\/uploads\/2024\/03\/05.24-Entreposage-temporaire-de-big-bags-5-chemin-de-Rosieres-DAIX.pdf\">Autorisation de stationnement chemin de Rosi\u00e8res<\/a><\/li>\n<\/ul>\n\n\n\n<ul class=\"wp-block-list\">\n<li>03\/2024 : <a href=\"http:\/\/ybhcjcu.cluster029.hosting.ovh.net\/wp-content\/uploads\/2024\/03\/03.24-Priorite-de-passage-cyclistes-2024.pdf\">Priorit\u00e9 de passage pour course cycliste dimanche 21 avril 2024<\/a><\/li>\n<\/ul>\n\n\n\n<ul class=\"wp-block-list\">\n<li>02\/2024 : <a href=\"http:\/\/ybhcjcu.cluster029.hosting.ovh.net\/wp-content\/uploads\/2024\/02\/02.24-Tirage-fibre-voie-romaine.pdf\">Modification temporaire de circulation et de stationnement<\/a><\/li>\n<\/ul>\n\n\n\n<ul class=\"wp-block-list\">\n<li>01\/2024 : <a href=\"http:\/\/ybhcjcu.cluster029.hosting.ovh.net\/wp-content\/uploads\/2024\/01\/01.24-Stationnement-vehicules-Florian-NICOLAS-17.01.2024.pdf\">Autorisation de stationnement<\/a><\/li>\n<\/ul>\n\n\n\n<h2 class=\"wp-block-heading\">2023<\/h2>\n\n\n\n<ul class=\"wp-block-list\">\n<li>20\/2023 : <a href=\"http:\/\/ybhcjcu.cluster029.hosting.ovh.net\/wp-content\/uploads\/2024\/01\/20.23-Delegation-de-signature.pdf\">D\u00e9l\u00e9gation de signature<\/a><\/li>\n<\/ul>\n\n\n\n<ul class=\"wp-block-list\">\n<li>19\/2023 : <a href=\"http:\/\/ybhcjcu.cluster029.hosting.ovh.net\/wp-content\/uploads\/2024\/01\/19.23-Stationnement-pr-travaux-3-rue-du-cerisier-toupies.pdf\">Autorisation de stationnement<\/a><\/li>\n<\/ul>\n\n\n\n<ul class=\"wp-block-list\">\n<li>17\/2023 : <a href=\"http:\/\/ybhcjcu.cluster029.hosting.ovh.net\/wp-content\/uploads\/2023\/10\/17.23-Permission-echafaudage-toiture-mairie.pdf\">Permission \u00e9chafaudage<\/a><\/li>\n<\/ul>\n\n\n\n<ul class=\"wp-block-list\">\n<li>16\/2023 : <a href=\"http:\/\/ybhcjcu.cluster029.hosting.ovh.net\/wp-content\/uploads\/2023\/10\/16.23-Stationnement-pr-travaux-toiture-mairie-AT-TOITURE.pdf\">Autorisation de stationnement<\/a><\/li>\n<\/ul>\n\n\n\n<ul class=\"wp-block-list\">\n<li>13\/2023 : <a href=\"http:\/\/ybhcjcu.cluster029.hosting.ovh.net\/wp-content\/uploads\/2023\/08\/13.23-Autorisation-echafaudage-et-benne-20-rue-de-lEglise.pdf\">Permission temporaire d&rsquo;occupation du domaine public 20 rue de l&rsquo;Eglise <\/a><\/li>\n<\/ul>\n\n\n\n<ul class=\"wp-block-list\">\n<li>11\/2023 : <a href=\"http:\/\/ybhcjcu.cluster029.hosting.ovh.net\/wp-content\/uploads\/2023\/07\/11.23-Entreposage-temporaire-de-big-bags-3-rue-du-cerisier-SAUVAGE-juillet-et-aout-2023.pdf\">Stockage temporaire rue du Cerisier<\/a><\/li>\n<\/ul>\n\n\n\n<ul class=\"wp-block-list\">\n<li>10\/2023 : <a href=\"http:\/\/ybhcjcu.cluster029.hosting.ovh.net\/wp-content\/uploads\/2023\/07\/10.23-Permission-de-voirie-fibre-voie-romaine.pdf\">Cr\u00e9ation r\u00e9seau fibre ancienne voie romaine du 07\/08\/23 au 07\/10\/2023<\/a><\/li>\n<\/ul>\n\n\n\n<ul class=\"wp-block-list\">\n<li>07\/2023 : <a href=\"http:\/\/ybhcjcu.cluster029.hosting.ovh.net\/wp-content\/uploads\/2023\/06\/07.23-Raccordement-Enedis-ARTIS-pour-SVT.doc.pdf\">Travaux chemin de Rosi\u00e8res du 12\/07 au 04\/08\/2023<\/a><\/li>\n<\/ul>\n\n\n\n<ul class=\"wp-block-list\">\n<li>06\/2023 : <a href=\"http:\/\/ybhcjcu.cluster029.hosting.ovh.net\/wp-content\/uploads\/2023\/06\/06.23-Entreposage-temporaire-de-big-bags-3-rue-du-cerisier-SAUVAGE.pdf\">Stockage temporaire rue du Cerisier<\/a><\/li>\n<\/ul>\n\n\n\n<ul class=\"wp-block-list\">\n<li>03\/2023 : <a href=\"http:\/\/ybhcjcu.cluster029.hosting.ovh.net\/wp-content\/uploads\/2023\/04\/03.23-Priorite-de-passage-course-cycliste-23.04.2023.pdf\">Priorit\u00e9 de circulation le 23\/04\/2023 pour course cycliste<\/a><\/li>\n<\/ul>\n\n\n\n<ul class=\"wp-block-list\">\n<li>02\/2023 : <a href=\"http:\/\/ybhcjcu.cluster029.hosting.ovh.net\/wp-content\/uploads\/2023\/02\/02.23-Stationnement-vehicules-AT-Toiture.pdf\">Autorisation de stationnement parking de l&rsquo;\u00e9cole<\/a><\/li>\n<\/ul>\n\n\n\n<h2 class=\"wp-block-heading\">2022<\/h2>\n\n\n\n<ul class=\"wp-block-list\">\n<li>08\/2022 : <a href=\"http:\/\/ybhcjcu.cluster029.hosting.ovh.net\/wp-content\/uploads\/2022\/06\/08.22-Limitation-vitesse-et-stationnement-pour-poteaux-fibre.pdf\">Limitation de vitesse et stationnement sentier des Drapiers du 20 au 24 juin<\/a><\/li>\n<\/ul>\n\n\n\n<ul class=\"wp-block-list\">\n<li>07\/2022 : <a href=\"http:\/\/ybhcjcu.cluster029.hosting.ovh.net\/wp-content\/uploads\/2022\/06\/07.22-Priorite-de-passage-course-cycliste-26.06.2022.pdf\">Priorit\u00e9 de passage sur D 907 dimanche 26 juin pour la course cycliste GRAND PRIX DE DIEULOUARD<\/a><\/li>\n<\/ul>\n\n\n\n<ul class=\"wp-block-list\">\n<li>03\/2022 : <a href=\"http:\/\/ybhcjcu.cluster029.hosting.ovh.net\/wp-content\/uploads\/2022\/03\/03.22-Traversee-Tour-de-la-Mirabelle.pdf\">Circulation sur D 907 le 27\/05\/2022 pour le passage de la course cycliste Tour de la Mirabelle<\/a><\/li>\n<\/ul>\n\n\n\n<h2 class=\"wp-block-heading\">2021<\/h2>\n\n\n\n<ol class=\"wp-block-list\">\n<li>01\/2021 <a href=\"http:\/\/ybhcjcu.cluster029.hosting.ovh.net\/wp-content\/uploads\/2021\/10\/01.21-Lignes-directrices-de-gestion.pdf\">Lignes directrices de gestion<\/a><\/li>\n\n\n\n<li>02\/2021 <a href=\"http:\/\/ybhcjcu.cluster029.hosting.ovh.net\/wp-content\/uploads\/2021\/10\/02.21-Arrete-delegation-signature-conseiller-delegue.pdf\">D\u00e9l\u00e9gation de signature<\/a><\/li>\n\n\n\n<li>07\/2021 <a href=\"http:\/\/ybhcjcu.cluster029.hosting.ovh.net\/wp-content\/uploads\/2021\/10\/07.21-Autorisation-de-voirie-28-rue-de-lEglise.pdf\">Autorisation de voirie<\/a><\/li>\n\n\n\n<li>08\/2021 <a href=\"http:\/\/ybhcjcu.cluster029.hosting.ovh.net\/wp-content\/uploads\/2021\/10\/08.21-Limitation-vitesse-et-depassement-pour-fibre.pdf\">Limitation de vitesse<\/a><\/li>\n\n\n\n<li>10\/2021 <a href=\"http:\/\/ybhcjcu.cluster029.hosting.ovh.net\/wp-content\/uploads\/2021\/10\/10.21-Suppression-de-regie.pdf\">R\u00e9gie<\/a><\/li>\n\n\n\n<li>13\/2021 <a href=\"http:\/\/ybhcjcu.cluster029.hosting.ovh.net\/wp-content\/uploads\/2021\/11\/13.21-Circulation-carottage.pdf\">Circulation<\/a><\/li>\n\n\n\n<li>14\/2021 <a href=\"http:\/\/ybhcjcu.cluster029.hosting.ovh.net\/wp-content\/uploads\/2021\/11\/AR_14.21-travaux-voirie.pdf\">Travaux<\/a><\/li>\n<\/ol>\n\n\n\n<h2 class=\"wp-block-heading\"> 2020<\/h2>\n\n\n\n<p><\/p>\n","protected":false},"excerpt":{"rendered":"<p>2026 2025 2024 2023 2022 2021 2020<\/p>\n","protected":false},"author":1,"featured_media":0,"parent":0,"menu_order":0,"comment_status":"closed","ping_status":"closed","template":"","meta":{"footnotes":""},"class_list":["post-69","page","type-page","status-publish","hentry"],"_links":{"self":[{"href":"http:\/\/ybhcjcu.cluster029.hosting.ovh.net\/index.php?rest_route=\/wp\/v2\/pages\/69","targetHints":{"allow":["GET"]}}],"collection":[{"href":"http:\/\/ybhcjcu.cluster029.hosting.ovh.net\/index.php?rest_route=\/wp\/v2\/pages"}],"about":[{"href":"http:\/\/ybhcjcu.cluster029.hosting.ovh.net\/index.php?rest_route=\/wp\/v2\/types\/page"}],"author":[{"embeddable":true,"href":"http:\/\/ybhcjcu.cluster029.hosting.ovh.net\/index.php?rest_route=\/wp\/v2\/users\/1"}],"replies":[{"embeddable":true,"href":"http:\/\/ybhcjcu.cluster029.hosting.ovh.net\/index.php?rest_route=%2Fwp%2Fv2%2Fcomments&post=69"}],"version-history":[{"count":89,"href":"http:\/\/ybhcjcu.cluster029.hosting.ovh.net\/index.php?rest_route=\/wp\/v2\/pages\/69\/revisions"}],"predecessor-version":[{"id":1924,"href":"http:\/\/ybhcjcu.cluster029.hosting.ovh.net\/index.php?rest_route=\/wp\/v2\/pages\/69\/revisions\/1924"}],"wp:attachment":[{"href":"http:\/\/ybhcjcu.cluster029.hosting.ovh.net\/index.php?rest_route=%2Fwp%2Fv2%2Fmedia&parent=69"}],"curies":[{"name":"wp","href":"https:\/\/api.w.org\/{rel}","templated":true}]}}