{"id":926,"date":"2023-01-10T17:19:29","date_gmt":"2023-01-10T16:19:29","guid":{"rendered":"http:\/\/ybhcjcu.cluster029.hosting.ovh.net\/?page_id=926"},"modified":"2023-01-10T17:28:47","modified_gmt":"2023-01-10T16:28:47","slug":"mobilite-transports","status":"publish","type":"page","link":"http:\/\/ybhcjcu.cluster029.hosting.ovh.net\/?page_id=926","title":{"rendered":"Mobilit\u00e9 \/ transports"},"content":{"rendered":"\n<p>Pour se rendre \u00e0 Toul en transport en commun, il existe 3 moyens diff\u00e9rents :<\/p>\n\n\n\n<blockquote class=\"wp-block-quote is-layout-flow wp-block-quote-is-layout-flow\">\n<p>Les transports scolaires : les lignes <a href=\"http:\/\/ybhcjcu.cluster029.hosting.ovh.net\/wp-content\/uploads\/2023\/01\/Depliant-Horaire-Colibri-40.pdf\">40<\/a> et <a href=\"http:\/\/ybhcjcu.cluster029.hosting.ovh.net\/wp-content\/uploads\/2023\/01\/Depliant-Horaire-Colibri-45.pdf\">45<\/a> fonctionnent <strong>uniquement en semaines scolaires<\/strong> (tarif unitaire de 1,10 \u20ac par voyage).<\/p>\n\n\n\n<p>Le Transport A la Demande de Colibri : le TAD 6 <strong>n\u00e9cessite une r\u00e9servation pr\u00e9alable<\/strong> \u00e0 l&rsquo;agence Colibri, en ligne \u00e0 <a href=\"https:\/\/www.reseau-colibri.fr\/tad.jsp\">www.reseau-colibri.fr<\/a>, ou par t\u00e9l\u00e9phone au 03 72 33 03 20 (tarif unitaire de 1,10 \u20ac par voyage).<\/p>\n\n\n\n<p>Le service Mobilit&rsquo;Haye de l&rsquo;Association Familles Rurales : uniquement le 1er mardi du mois et le 3\u00e8me vendredi du mois le matin pour 3 \u20ac mais en porte \u00e0 porte<\/p>\n<\/blockquote>\n\n\n<div class=\"wp-block-image\">\n<figure class=\"aligncenter size-full\"><img loading=\"lazy\" decoding=\"async\" width=\"818\" height=\"472\" src=\"http:\/\/ybhcjcu.cluster029.hosting.ovh.net\/wp-content\/uploads\/2023\/01\/Horaires-TAD-40-et-45.png\" alt=\"\" class=\"wp-image-930\" srcset=\"http:\/\/ybhcjcu.cluster029.hosting.ovh.net\/wp-content\/uploads\/2023\/01\/Horaires-TAD-40-et-45.png 818w, http:\/\/ybhcjcu.cluster029.hosting.ovh.net\/wp-content\/uploads\/2023\/01\/Horaires-TAD-40-et-45-300x173.png 300w, http:\/\/ybhcjcu.cluster029.hosting.ovh.net\/wp-content\/uploads\/2023\/01\/Horaires-TAD-40-et-45-768x443.png 768w\" sizes=\"auto, (max-width: 818px) 100vw, 818px\" \/><figcaption class=\"wp-element-caption\">Horaires 2023<\/figcaption><\/figure>\n<\/div>","protected":false},"excerpt":{"rendered":"<p>Pour se rendre \u00e0 Toul en transport en commun, il existe 3 moyens diff\u00e9rents : Les transports scolaires : les lignes 40 et 45 fonctionnent uniquement en semaines scolaires (tarif unitaire de 1,10 \u20ac par voyage). Le Transport A la Demande de Colibri : le TAD 6 n\u00e9cessite une r\u00e9servation pr\u00e9alable \u00e0 l&rsquo;agence Colibri, en [&hellip;]<\/p>\n","protected":false},"author":1,"featured_media":0,"parent":0,"menu_order":0,"comment_status":"closed","ping_status":"closed","template":"","meta":{"footnotes":""},"class_list":["post-926","page","type-page","status-publish","hentry"],"_links":{"self":[{"href":"http:\/\/ybhcjcu.cluster029.hosting.ovh.net\/index.php?rest_route=\/wp\/v2\/pages\/926","targetHints":{"allow":["GET"]}}],"collection":[{"href":"http:\/\/ybhcjcu.cluster029.hosting.ovh.net\/index.php?rest_route=\/wp\/v2\/pages"}],"about":[{"href":"http:\/\/ybhcjcu.cluster029.hosting.ovh.net\/index.php?rest_route=\/wp\/v2\/types\/page"}],"author":[{"embeddable":true,"href":"http:\/\/ybhcjcu.cluster029.hosting.ovh.net\/index.php?rest_route=\/wp\/v2\/users\/1"}],"replies":[{"embeddable":true,"href":"http:\/\/ybhcjcu.cluster029.hosting.ovh.net\/index.php?rest_route=%2Fwp%2Fv2%2Fcomments&post=926"}],"version-history":[{"count":5,"href":"http:\/\/ybhcjcu.cluster029.hosting.ovh.net\/index.php?rest_route=\/wp\/v2\/pages\/926\/revisions"}],"predecessor-version":[{"id":936,"href":"http:\/\/ybhcjcu.cluster029.hosting.ovh.net\/index.php?rest_route=\/wp\/v2\/pages\/926\/revisions\/936"}],"wp:attachment":[{"href":"http:\/\/ybhcjcu.cluster029.hosting.ovh.net\/index.php?rest_route=%2Fwp%2Fv2%2Fmedia&parent=926"}],"curies":[{"name":"wp","href":"https:\/\/api.w.org\/{rel}","templated":true}]}}